{"id":23,"date":"2016-06-29T14:39:45","date_gmt":"2016-06-29T12:39:45","guid":{"rendered":"http:\/\/www.festivalterresdimages.com\/v3\/?page_id=23"},"modified":"2026-04-20T08:12:03","modified_gmt":"2026-04-20T06:12:03","slug":"partenaires-et-sponsors","status":"publish","type":"page","link":"http:\/\/www.festivalterresdimages.com\/v3\/partenaires-et-sponsors\/","title":{"rendered":"Partenaires et Sponsors"},"content":{"rendered":"<h1>Devenir sponsor du festival ?<\/h1>\n<h4>Trois formules existent :<\/h4>\n<p>&#8211; <strong>La premi\u00e8re :<\/strong> pour petits budgets (artisans, commer\u00e7ants ou associations) publication d&rsquo;un encart sur les programmes du festival &#8211; co\u00fbt 50\u20ac.<\/p>\n<p>&#8211; <strong>La seconde :<\/strong> publication \u00e9largie \u00e0 tous les documents \u00e9dit\u00e9s (affiches, d\u00e9pliants et programmes ) soit plus de 6000 documents distribu\u00e9s sur tout le territoire du sud de la Touraine et sur l&rsquo;agglom\u00e9ration tourangelle &#8211; co\u00fbt 100\u20ac.<\/p>\n<p>&#8211; <strong>La troisi\u00e8me :<\/strong> vous propose le parrainage d&rsquo;une des soir\u00e9es du festival qui vous permettra , en plus, de la publication de votre encart publicitaire sur tous les documents, d&rsquo;avoir \u00e0 votre disposition 10 entr\u00e9es pour la soir\u00e9e ; vous aurez ainsi la possibilit\u00e9 d&rsquo;inviter vos collaborateurs ou vos clients &#8211; co\u00fbt du parrainage 300\u20ac.<\/p>\n<p><em>Une convention pr\u00e9cise nos engagements.<\/em><\/p>\n<p><strong>Autre avantage :<\/strong> ce don ouvre droit \u00e0 une r\u00e9duction d\u2019imp\u00f4ts pour votre entreprise en tant qu\u2019organisme ayant pour fonction principale l\u2019organisation de festivals.<\/p>\n<h4>Vous voulez aider le festival ?<\/h4>\n<p>Si cela vous int\u00e9resse, 06 79 55 87 42 ou contact@festivalterresdimages.com<\/p>\n\n<div class=\"wpcf7 no-js\" id=\"wpcf7-f269-o1\" lang=\"fr-FR\" dir=\"ltr\">\n<div class=\"screen-reader-response\"><p role=\"status\" aria-live=\"polite\" aria-atomic=\"true\"><\/p> <ul><\/ul><\/div>\n<form action=\"\/v3\/wp-json\/wp\/v2\/pages\/23#wpcf7-f269-o1\" method=\"post\" class=\"wpcf7-form init\" aria-label=\"Formulaire de contact\" novalidate=\"novalidate\" data-status=\"init\">\n<div style=\"display: none;\">\n<input type=\"hidden\" name=\"_wpcf7\" value=\"269\" \/>\n<input type=\"hidden\" name=\"_wpcf7_version\" value=\"5.7.7\" \/>\n<input type=\"hidden\" name=\"_wpcf7_locale\" value=\"fr_FR\" \/>\n<input type=\"hidden\" name=\"_wpcf7_unit_tag\" value=\"wpcf7-f269-o1\" \/>\n<input type=\"hidden\" name=\"_wpcf7_container_post\" value=\"0\" \/>\n<input type=\"hidden\" name=\"_wpcf7_posted_data_hash\" value=\"\" \/>\n<\/div>\n<p><label> Votre nom (obligatoire)<br \/>\n<span class=\"wpcf7-form-control-wrap\" data-name=\"your-name\"><input size=\"40\" class=\"wpcf7-form-control wpcf7-text wpcf7-validates-as-required\" aria-required=\"true\" aria-invalid=\"false\" value=\"\" type=\"text\" name=\"your-name\" \/><\/span> <\/label>\n<\/p>\n<p><label> Votre e-mail (obligatoire)<br \/>\n<span class=\"wpcf7-form-control-wrap\" data-name=\"your-email\"><input size=\"40\" class=\"wpcf7-form-control wpcf7-text wpcf7-email wpcf7-validates-as-required wpcf7-validates-as-email\" aria-required=\"true\" aria-invalid=\"false\" value=\"\" type=\"email\" name=\"your-email\" \/><\/span> <\/label>\n<\/p>\n<p><label> Sujet<br \/>\n<span class=\"wpcf7-form-control-wrap\" data-name=\"your-subject\"><input size=\"40\" class=\"wpcf7-form-control wpcf7-text\" aria-invalid=\"false\" value=\"\" type=\"text\" name=\"your-subject\" \/><\/span> <\/label>\n<\/p>\n<p><label> Votre message<br \/>\n<span class=\"wpcf7-form-control-wrap\" data-name=\"your-message\"><textarea cols=\"40\" rows=\"10\" class=\"wpcf7-form-control wpcf7-textarea\" aria-invalid=\"false\" name=\"your-message\"><\/textarea><\/span> <\/label>\n<\/p>\n<p><span id=\"wpcf7-69f5445821375-wrapper\" class=\"wpcf7-form-control-wrap website-wrap\" style=\"display:none !important; visibility:hidden !important;\"><label for=\"wpcf7-69f5445821375-field\" class=\"hp-message\">Veuillez laisser ce champ vide.<\/label><input id=\"wpcf7-69f5445821375-field\"  class=\"wpcf7-form-control wpcf7-text\" type=\"text\" name=\"website\" value=\"\" size=\"40\" tabindex=\"-1\" autocomplete=\"new-password\" \/><\/span>\n<\/p>\n<p><input class=\"wpcf7-form-control has-spinner wpcf7-submit\" type=\"submit\" value=\"Envoyer\" \/>\n<\/p><div class=\"wpcf7-response-output\" aria-hidden=\"true\"><\/div>\n<\/form>\n<\/div>\n\n<div class=\"gglcptch gglcptch_v2\"><div id=\"gglcptch_recaptcha_1767155385\" class=\"gglcptch_recaptcha\"><\/div>\r\n\t\t\t\t<noscript>\r\n\t\t\t\t\t<div style=\"width: 302px;\">\r\n\t\t\t\t\t\t<div style=\"width: 302px; height: 422px; position: relative;\">\r\n\t\t\t\t\t\t\t<div style=\"width: 302px; height: 422px; position: absolute;\">\r\n\t\t\t\t\t\t\t\t<iframe src=\"https:\/\/www.google.com\/recaptcha\/api\/fallback?k=6LdfGZsUAAAAADcqfI4JUKKwpG97cJBbZcgSR3Q_\" frameborder=\"0\" scrolling=\"no\" style=\"width: 302px; height:422px; border-style: none;\"><\/iframe>\r\n\t\t\t\t\t\t\t<\/div>\r\n\t\t\t\t\t\t<\/div>\r\n\t\t\t\t\t\t<div style=\"border-style: none; bottom: 12px; left: 25px; margin: 0px; padding: 0px; right: 25px; background: #f9f9f9; border: 1px solid #c1c1c1; border-radius: 3px; height: 60px; width: 300px;\">\r\n\t\t\t\t\t\t\t<textarea id=\"g-recaptcha-response\" name=\"g-recaptcha-response\" class=\"g-recaptcha-response\" style=\"width: 250px !important; height: 40px !important; border: 1px solid #c1c1c1 !important; margin: 10px 25px !important; padding: 0px !important; resize: none !important;\"><\/textarea>\r\n\t\t\t\t\t\t<\/div>\r\n\t\t\t\t\t<\/div>\r\n\t\t\t\t<\/noscript><\/div>\n<h1>Nos partenaires &amp; sponsors 2025<\/h1>\n<p><img decoding=\"async\" loading=\"lazy\" class=\"aligncenter wp-image-2105 size-full\" src=\"http:\/\/www.festivalterresdimages.com\/v3\/wp-content\/uploads\/2026\/04\/Partenaires-Web-2026.jpg\" alt=\"\" width=\"1630\" height=\"622\" srcset=\"http:\/\/www.festivalterresdimages.com\/v3\/wp-content\/uploads\/2026\/04\/Partenaires-Web-2026.jpg 1630w, http:\/\/www.festivalterresdimages.com\/v3\/wp-content\/uploads\/2026\/04\/Partenaires-Web-2026-300x114.jpg 300w, http:\/\/www.festivalterresdimages.com\/v3\/wp-content\/uploads\/2026\/04\/Partenaires-Web-2026-1024x391.jpg 1024w, http:\/\/www.festivalterresdimages.com\/v3\/wp-content\/uploads\/2026\/04\/Partenaires-Web-2026-768x293.jpg 768w, http:\/\/www.festivalterresdimages.com\/v3\/wp-content\/uploads\/2026\/04\/Partenaires-Web-2026-1536x586.jpg 1536w\" sizes=\"(max-width: 1630px) 100vw, 1630px\" \/><\/p>\n<p>&nbsp;<\/p>\n","protected":false},"excerpt":{"rendered":"<p>Devenir sponsor du festival ? Trois formules existent : &#8211; La premi\u00e8re : pour petits budgets (artisans, commer\u00e7ants ou associations) publication d&rsquo;un encart sur les programmes du festival &#8211; co\u00fbt 50\u20ac. &#8211; La seconde : publication \u00e9largie \u00e0 tous les documents \u00e9dit\u00e9s (affiches, d\u00e9pliants et programmes ) soit plus de 6000 documents distribu\u00e9s sur tout<a href=\"http:\/\/www.festivalterresdimages.com\/v3\/partenaires-et-sponsors\/\">[&#8230;]<\/a><\/p>\n","protected":false},"author":1,"featured_media":0,"parent":0,"menu_order":4,"comment_status":"closed","ping_status":"closed","template":"template-fullwidth.php","meta":{"jetpack_post_was_ever_published":false,"_links_to":"","_links_to_target":""},"jetpack_sharing_enabled":true,"jetpack_shortlink":"https:\/\/wp.me\/P7Y3dQ-n","_links":{"self":[{"href":"http:\/\/www.festivalterresdimages.com\/v3\/wp-json\/wp\/v2\/pages\/23"}],"collection":[{"href":"http:\/\/www.festivalterresdimages.com\/v3\/wp-json\/wp\/v2\/pages"}],"about":[{"href":"http:\/\/www.festivalterresdimages.com\/v3\/wp-json\/wp\/v2\/types\/page"}],"author":[{"embeddable":true,"href":"http:\/\/www.festivalterresdimages.com\/v3\/wp-json\/wp\/v2\/users\/1"}],"replies":[{"embeddable":true,"href":"http:\/\/www.festivalterresdimages.com\/v3\/wp-json\/wp\/v2\/comments?post=23"}],"version-history":[{"count":45,"href":"http:\/\/www.festivalterresdimages.com\/v3\/wp-json\/wp\/v2\/pages\/23\/revisions"}],"predecessor-version":[{"id":2107,"href":"http:\/\/www.festivalterresdimages.com\/v3\/wp-json\/wp\/v2\/pages\/23\/revisions\/2107"}],"wp:attachment":[{"href":"http:\/\/www.festivalterresdimages.com\/v3\/wp-json\/wp\/v2\/media?parent=23"}],"curies":[{"name":"wp","href":"https:\/\/api.w.org\/{rel}","templated":true}]}}