{"id":21,"date":"2016-06-29T14:39:02","date_gmt":"2016-06-29T12:39:02","guid":{"rendered":"http:\/\/www.festivalterresdimages.com\/v3\/?page_id=21"},"modified":"2025-01-16T16:31:07","modified_gmt":"2025-01-16T15:31:07","slug":"vous-etes-adherent","status":"publish","type":"page","link":"https:\/\/www.festivalterresdimages.com\/v3\/vous-etes-adherent\/","title":{"rendered":"Adh\u00e9rents"},"content":{"rendered":"<h1>Vous avez plusieurs bonnes raisons de l&rsquo;\u00eatre :<\/h1>\n<p><strong>1- Premi\u00e8re raison :<\/strong> Nous mettons gratuitement \u00e0 disposition les films amateurs qui ont concouru lors du festival, les films longs m\u00e9trages et tout un fond documentaire de films &#8230; Vous allez sur le site et vous r\u00e9servez pour 3 semaines !\u00a0Le lieu de remise vous sera indiqu\u00e9.<\/p>\n<p><strong>2- Seconde raison :<\/strong> vous \u00eates invit\u00e9s \u00e0 s\u00e9lectionner les films de long m\u00e9trage du festival. Cette s\u00e9lection a lieu chaque troisi\u00e8me lundi de chaque mois.<\/p>\n<p><strong>3- Troisi\u00e8me raison :<\/strong> vous \u00eates invit\u00e9s aux r\u00e9unions de l\u2019assos, vous avez acc\u00e8s aux compte-rendus. Les r\u00e9unions ont lieu chaque premier lundi de chaque mois \u00e0 20h 30 salle municipale de Vou (37)<\/p>\n<h4>L\u2019adh\u00e9sion est \u00e0 10 euros par an, elle est \u00e0 adresser au Tr\u00e9sorier de Terre(s) d\u2019images, Mairie du Louroux 37 240 Le Louroux.<\/h4>\n","protected":false},"excerpt":{"rendered":"<p>Vous avez plusieurs bonnes raisons de l&rsquo;\u00eatre : 1- Premi\u00e8re raison : Nous mettons gratuitement \u00e0 disposition les films amateurs qui ont concouru lors du festival, les films longs m\u00e9trages et tout un fond documentaire de films &#8230; Vous allez sur le site et vous r\u00e9servez pour 3 semaines !\u00a0Le lieu de remise vous sera<a href=\"https:\/\/www.festivalterresdimages.com\/v3\/vous-etes-adherent\/\">[&#8230;]<\/a><\/p>\n","protected":false},"author":1,"featured_media":0,"parent":0,"menu_order":3,"comment_status":"closed","ping_status":"closed","template":"template-fullwidth.php","meta":{"jetpack_post_was_ever_published":false,"_links_to":"","_links_to_target":""},"jetpack_sharing_enabled":true,"jetpack_shortlink":"https:\/\/wp.me\/P7Y3dQ-l","_links":{"self":[{"href":"https:\/\/www.festivalterresdimages.com\/v3\/wp-json\/wp\/v2\/pages\/21"}],"collection":[{"href":"https:\/\/www.festivalterresdimages.com\/v3\/wp-json\/wp\/v2\/pages"}],"about":[{"href":"https:\/\/www.festivalterresdimages.com\/v3\/wp-json\/wp\/v2\/types\/page"}],"author":[{"embeddable":true,"href":"https:\/\/www.festivalterresdimages.com\/v3\/wp-json\/wp\/v2\/users\/1"}],"replies":[{"embeddable":true,"href":"https:\/\/www.festivalterresdimages.com\/v3\/wp-json\/wp\/v2\/comments?post=21"}],"version-history":[{"count":13,"href":"https:\/\/www.festivalterresdimages.com\/v3\/wp-json\/wp\/v2\/pages\/21\/revisions"}],"predecessor-version":[{"id":1828,"href":"https:\/\/www.festivalterresdimages.com\/v3\/wp-json\/wp\/v2\/pages\/21\/revisions\/1828"}],"wp:attachment":[{"href":"https:\/\/www.festivalterresdimages.com\/v3\/wp-json\/wp\/v2\/media?parent=21"}],"curies":[{"name":"wp","href":"https:\/\/api.w.org\/{rel}","templated":true}]}}